{"id":15,"date":"2022-07-25T15:49:57","date_gmt":"2022-07-25T13:49:57","guid":{"rendered":"https:\/\/mkkm.agency\/?page_id=15"},"modified":"2024-07-11T12:54:24","modified_gmt":"2024-07-11T10:54:24","slug":"developpement-durable","status":"publish","type":"page","link":"https:\/\/mkkm.agency\/fr\/developpement-durable\/","title":{"rendered":"Impact"},"content":{"rendered":"","protected":false},"excerpt":{"rendered":"","protected":false},"author":1,"featured_media":0,"parent":0,"menu_order":0,"comment_status":"closed","ping_status":"closed","template":"tpl-impact.php","meta":{"_acf_changed":false,"footnotes":""},"class_list":["post-15","page","type-page","status-publish","hentry"],"acf":[],"yoast_head":"<!-- This site is optimized with the Yoast SEO plugin v23.2 - https:\/\/yoast.com\/wordpress\/plugins\/seo\/ -->\n<title>Nos engagements pour le futur - MKKM<\/title>\n<meta name=\"description\" content=\"MKKM s&#039;engage \u00e0 r\u00e9duire ses \u00e9missions de CO2 par ETP de 60%. D\u00e9couvrez nos actions concr\u00e8tes pour un d\u00e9veloppement durable.\" \/>\n<meta name=\"robots\" content=\"index, follow, max-snippet:-1, max-image-preview:large, max-video-preview:-1\" \/>\n<link rel=\"canonical\" href=\"https:\/\/mkkm.agency\/fr\/developpement-durable\/\" \/>\n<meta property=\"og:locale\" content=\"fr_FR\" \/>\n<meta property=\"og:type\" content=\"article\" \/>\n<meta property=\"og:title\" content=\"Nos engagements pour le futur - MKKM\" \/>\n<meta property=\"og:description\" content=\"MKKM s&#039;engage \u00e0 r\u00e9duire ses \u00e9missions de CO2 par ETP de 60%. D\u00e9couvrez nos actions concr\u00e8tes pour un d\u00e9veloppement durable.\" \/>\n<meta property=\"og:url\" content=\"https:\/\/mkkm.agency\/fr\/developpement-durable\/\" \/>\n<meta property=\"og:site_name\" content=\"MKKM Agency\" \/>\n<meta property=\"article:publisher\" content=\"https:\/\/www.facebook.com\/mkkmsocialmediaexperts\" \/>\n<meta property=\"article:modified_time\" content=\"2024-07-11T10:54:24+00:00\" \/>\n<meta name=\"twitter:card\" content=\"summary_large_image\" \/>\n<script type=\"application\/ld+json\" class=\"yoast-schema-graph\">{\"@context\":\"https:\/\/schema.org\",\"@graph\":[{\"@type\":\"WebPage\",\"@id\":\"https:\/\/mkkm.agency\/fr\/developpement-durable\/\",\"url\":\"https:\/\/mkkm.agency\/fr\/developpement-durable\/\",\"name\":\"Nos engagements pour le futur - MKKM\",\"isPartOf\":{\"@id\":\"https:\/\/mkkm.agency\/fr\/#website\"},\"datePublished\":\"2022-07-25T13:49:57+00:00\",\"dateModified\":\"2024-07-11T10:54:24+00:00\",\"description\":\"MKKM s'engage \u00e0 r\u00e9duire ses \u00e9missions de CO2 par ETP de 60%. D\u00e9couvrez nos actions concr\u00e8tes pour un d\u00e9veloppement durable.\",\"breadcrumb\":{\"@id\":\"https:\/\/mkkm.agency\/fr\/developpement-durable\/#breadcrumb\"},\"inLanguage\":\"fr-FR\",\"potentialAction\":[{\"@type\":\"ReadAction\",\"target\":[\"https:\/\/mkkm.agency\/fr\/developpement-durable\/\"]}]},{\"@type\":\"BreadcrumbList\",\"@id\":\"https:\/\/mkkm.agency\/fr\/developpement-durable\/#breadcrumb\",\"itemListElement\":[{\"@type\":\"ListItem\",\"position\":1,\"name\":\"Accueil\",\"item\":\"https:\/\/mkkm.agency\/fr\/\"},{\"@type\":\"ListItem\",\"position\":2,\"name\":\"Impact\"}]},{\"@type\":\"WebSite\",\"@id\":\"https:\/\/mkkm.agency\/fr\/#website\",\"url\":\"https:\/\/mkkm.agency\/fr\/\",\"name\":\"MKKM Agency\",\"description\":\"Mkkm\",\"publisher\":{\"@id\":\"https:\/\/mkkm.agency\/fr\/#organization\"},\"potentialAction\":[{\"@type\":\"SearchAction\",\"target\":{\"@type\":\"EntryPoint\",\"urlTemplate\":\"https:\/\/mkkm.agency\/fr\/?s={search_term_string}\"},\"query-input\":\"required name=search_term_string\"}],\"inLanguage\":\"fr-FR\"},{\"@type\":\"Organization\",\"@id\":\"https:\/\/mkkm.agency\/fr\/#organization\",\"name\":\"MKKM Agency\",\"url\":\"https:\/\/mkkm.agency\/fr\/\",\"logo\":{\"@type\":\"ImageObject\",\"inLanguage\":\"fr-FR\",\"@id\":\"https:\/\/mkkm.agency\/fr\/#\/schema\/logo\/image\/\",\"url\":\"https:\/\/mkkm.agency\/wp-content\/uploads\/2022\/09\/logo2018.png\",\"contentUrl\":\"https:\/\/mkkm.agency\/wp-content\/uploads\/2022\/09\/logo2018.png\",\"width\":2000,\"height\":2000,\"caption\":\"MKKM Agency\"},\"image\":{\"@id\":\"https:\/\/mkkm.agency\/fr\/#\/schema\/logo\/image\/\"},\"sameAs\":[\"https:\/\/www.facebook.com\/mkkmsocialmediaexperts\",\"https:\/\/www.instagram.com\/mkkmsocialmediaexperts\/\",\"https:\/\/www.linkedin.com\/company\/kommunity-management\/?viewAsMember=true\"]}]}<\/script>\n<!-- \/ Yoast SEO plugin. -->","yoast_head_json":{"title":"Nos engagements pour le futur - MKKM","description":"MKKM s'engage \u00e0 r\u00e9duire ses \u00e9missions de CO2 par ETP de 60%. D\u00e9couvrez nos actions concr\u00e8tes pour un d\u00e9veloppement durable.","robots":{"index":"index","follow":"follow","max-snippet":"max-snippet:-1","max-image-preview":"max-image-preview:large","max-video-preview":"max-video-preview:-1"},"canonical":"https:\/\/mkkm.agency\/fr\/developpement-durable\/","og_locale":"fr_FR","og_type":"article","og_title":"Nos engagements pour le futur - MKKM","og_description":"MKKM s'engage \u00e0 r\u00e9duire ses \u00e9missions de CO2 par ETP de 60%. D\u00e9couvrez nos actions concr\u00e8tes pour un d\u00e9veloppement durable.","og_url":"https:\/\/mkkm.agency\/fr\/developpement-durable\/","og_site_name":"MKKM Agency","article_publisher":"https:\/\/www.facebook.com\/mkkmsocialmediaexperts","article_modified_time":"2024-07-11T10:54:24+00:00","twitter_card":"summary_large_image","schema":{"@context":"https:\/\/schema.org","@graph":[{"@type":"WebPage","@id":"https:\/\/mkkm.agency\/fr\/developpement-durable\/","url":"https:\/\/mkkm.agency\/fr\/developpement-durable\/","name":"Nos engagements pour le futur - MKKM","isPartOf":{"@id":"https:\/\/mkkm.agency\/fr\/#website"},"datePublished":"2022-07-25T13:49:57+00:00","dateModified":"2024-07-11T10:54:24+00:00","description":"MKKM s'engage \u00e0 r\u00e9duire ses \u00e9missions de CO2 par ETP de 60%. D\u00e9couvrez nos actions concr\u00e8tes pour un d\u00e9veloppement durable.","breadcrumb":{"@id":"https:\/\/mkkm.agency\/fr\/developpement-durable\/#breadcrumb"},"inLanguage":"fr-FR","potentialAction":[{"@type":"ReadAction","target":["https:\/\/mkkm.agency\/fr\/developpement-durable\/"]}]},{"@type":"BreadcrumbList","@id":"https:\/\/mkkm.agency\/fr\/developpement-durable\/#breadcrumb","itemListElement":[{"@type":"ListItem","position":1,"name":"Accueil","item":"https:\/\/mkkm.agency\/fr\/"},{"@type":"ListItem","position":2,"name":"Impact"}]},{"@type":"WebSite","@id":"https:\/\/mkkm.agency\/fr\/#website","url":"https:\/\/mkkm.agency\/fr\/","name":"MKKM Agency","description":"Mkkm","publisher":{"@id":"https:\/\/mkkm.agency\/fr\/#organization"},"potentialAction":[{"@type":"SearchAction","target":{"@type":"EntryPoint","urlTemplate":"https:\/\/mkkm.agency\/fr\/?s={search_term_string}"},"query-input":"required name=search_term_string"}],"inLanguage":"fr-FR"},{"@type":"Organization","@id":"https:\/\/mkkm.agency\/fr\/#organization","name":"MKKM Agency","url":"https:\/\/mkkm.agency\/fr\/","logo":{"@type":"ImageObject","inLanguage":"fr-FR","@id":"https:\/\/mkkm.agency\/fr\/#\/schema\/logo\/image\/","url":"https:\/\/mkkm.agency\/wp-content\/uploads\/2022\/09\/logo2018.png","contentUrl":"https:\/\/mkkm.agency\/wp-content\/uploads\/2022\/09\/logo2018.png","width":2000,"height":2000,"caption":"MKKM Agency"},"image":{"@id":"https:\/\/mkkm.agency\/fr\/#\/schema\/logo\/image\/"},"sameAs":["https:\/\/www.facebook.com\/mkkmsocialmediaexperts","https:\/\/www.instagram.com\/mkkmsocialmediaexperts\/","https:\/\/www.linkedin.com\/company\/kommunity-management\/?viewAsMember=true"]}]}},"_links":{"self":[{"href":"https:\/\/mkkm.agency\/fr\/wp-json\/wp\/v2\/pages\/15","targetHints":{"allow":["GET"]}}],"collection":[{"href":"https:\/\/mkkm.agency\/fr\/wp-json\/wp\/v2\/pages"}],"about":[{"href":"https:\/\/mkkm.agency\/fr\/wp-json\/wp\/v2\/types\/page"}],"author":[{"embeddable":true,"href":"https:\/\/mkkm.agency\/fr\/wp-json\/wp\/v2\/users\/1"}],"replies":[{"embeddable":true,"href":"https:\/\/mkkm.agency\/fr\/wp-json\/wp\/v2\/comments?post=15"}],"version-history":[{"count":13,"href":"https:\/\/mkkm.agency\/fr\/wp-json\/wp\/v2\/pages\/15\/revisions"}],"predecessor-version":[{"id":2435,"href":"https:\/\/mkkm.agency\/fr\/wp-json\/wp\/v2\/pages\/15\/revisions\/2435"}],"wp:attachment":[{"href":"https:\/\/mkkm.agency\/fr\/wp-json\/wp\/v2\/media?parent=15"}],"curies":[{"name":"wp","href":"https:\/\/api.w.org\/{rel}","templated":true}]}}