{"id":366,"date":"2022-08-22T17:36:03","date_gmt":"2022-08-22T15:36:03","guid":{"rendered":"https:\/\/mkkm.agency\/?page_id=366"},"modified":"2022-09-04T15:28:51","modified_gmt":"2022-09-04T13:28:51","slug":"youtube-ads","status":"publish","type":"page","link":"https:\/\/mkkm.agency\/fr\/youtube-ads\/","title":{"rendered":"Youtube Ads"},"content":{"rendered":"","protected":false},"excerpt":{"rendered":"","protected":false},"author":1,"featured_media":0,"parent":0,"menu_order":0,"comment_status":"closed","ping_status":"closed","template":"tpl-sub-service.php","meta":{"_acf_changed":false,"footnotes":""},"class_list":["post-366","page","type-page","status-publish","hentry"],"acf":[],"yoast_head":"<!-- This site is optimized with the Yoast SEO plugin v23.2 - https:\/\/yoast.com\/wordpress\/plugins\/seo\/ -->\n<title>Youtube Ads : Racontez votre histoire en vid\u00e9o - MKKM<\/title>\n<meta name=\"description\" content=\"Profitez de la force de la vid\u00e9o et faites vous remarquer sur la plus grande plateforme de vid\u00e9o en streaming du monde.\" \/>\n<meta name=\"robots\" content=\"index, follow, max-snippet:-1, max-image-preview:large, max-video-preview:-1\" \/>\n<link rel=\"canonical\" href=\"https:\/\/mkkm.agency\/fr\/expertises__trashed\/youtube-ads\/\" \/>\n<meta property=\"og:locale\" content=\"fr_FR\" \/>\n<meta property=\"og:type\" content=\"article\" \/>\n<meta property=\"og:title\" content=\"Youtube Ads : Racontez votre histoire en vid\u00e9o - MKKM\" \/>\n<meta property=\"og:description\" content=\"Profitez de la force de la vid\u00e9o et faites vous remarquer sur la plus grande plateforme de vid\u00e9o en streaming du monde.\" \/>\n<meta property=\"og:url\" content=\"https:\/\/mkkm.agency\/fr\/expertises__trashed\/youtube-ads\/\" \/>\n<meta property=\"og:site_name\" content=\"MKKM Agency\" \/>\n<meta property=\"article:publisher\" content=\"https:\/\/www.facebook.com\/mkkmsocialmediaexperts\" \/>\n<meta property=\"article:modified_time\" content=\"2022-09-04T13:28:51+00:00\" \/>\n<meta name=\"twitter:card\" content=\"summary_large_image\" \/>\n<script type=\"application\/ld+json\" class=\"yoast-schema-graph\">{\"@context\":\"https:\/\/schema.org\",\"@graph\":[{\"@type\":\"WebPage\",\"@id\":\"https:\/\/mkkm.agency\/fr\/expertises__trashed\/youtube-ads\/\",\"url\":\"https:\/\/mkkm.agency\/fr\/expertises__trashed\/youtube-ads\/\",\"name\":\"Youtube Ads : Racontez votre histoire en vid\u00e9o - MKKM\",\"isPartOf\":{\"@id\":\"https:\/\/mkkm.agency\/fr\/#website\"},\"datePublished\":\"2022-08-22T15:36:03+00:00\",\"dateModified\":\"2022-09-04T13:28:51+00:00\",\"description\":\"Profitez de la force de la vid\u00e9o et faites vous remarquer sur la plus grande plateforme de vid\u00e9o en streaming du monde.\",\"breadcrumb\":{\"@id\":\"https:\/\/mkkm.agency\/fr\/expertises__trashed\/youtube-ads\/#breadcrumb\"},\"inLanguage\":\"fr-FR\",\"potentialAction\":[{\"@type\":\"ReadAction\",\"target\":[\"https:\/\/mkkm.agency\/fr\/expertises__trashed\/youtube-ads\/\"]}]},{\"@type\":\"BreadcrumbList\",\"@id\":\"https:\/\/mkkm.agency\/fr\/expertises__trashed\/youtube-ads\/#breadcrumb\",\"itemListElement\":[{\"@type\":\"ListItem\",\"position\":1,\"name\":\"Accueil\",\"item\":\"https:\/\/mkkm.agency\/fr\/\"},{\"@type\":\"ListItem\",\"position\":2,\"name\":\"Youtube Ads\"}]},{\"@type\":\"WebSite\",\"@id\":\"https:\/\/mkkm.agency\/fr\/#website\",\"url\":\"https:\/\/mkkm.agency\/fr\/\",\"name\":\"MKKM Agency\",\"description\":\"Mkkm\",\"publisher\":{\"@id\":\"https:\/\/mkkm.agency\/fr\/#organization\"},\"potentialAction\":[{\"@type\":\"SearchAction\",\"target\":{\"@type\":\"EntryPoint\",\"urlTemplate\":\"https:\/\/mkkm.agency\/fr\/?s={search_term_string}\"},\"query-input\":\"required name=search_term_string\"}],\"inLanguage\":\"fr-FR\"},{\"@type\":\"Organization\",\"@id\":\"https:\/\/mkkm.agency\/fr\/#organization\",\"name\":\"MKKM Agency\",\"url\":\"https:\/\/mkkm.agency\/fr\/\",\"logo\":{\"@type\":\"ImageObject\",\"inLanguage\":\"fr-FR\",\"@id\":\"https:\/\/mkkm.agency\/fr\/#\/schema\/logo\/image\/\",\"url\":\"https:\/\/mkkm.agency\/wp-content\/uploads\/2022\/09\/logo2018.png\",\"contentUrl\":\"https:\/\/mkkm.agency\/wp-content\/uploads\/2022\/09\/logo2018.png\",\"width\":2000,\"height\":2000,\"caption\":\"MKKM Agency\"},\"image\":{\"@id\":\"https:\/\/mkkm.agency\/fr\/#\/schema\/logo\/image\/\"},\"sameAs\":[\"https:\/\/www.facebook.com\/mkkmsocialmediaexperts\",\"https:\/\/www.instagram.com\/mkkmsocialmediaexperts\/\",\"https:\/\/www.linkedin.com\/company\/kommunity-management\/?viewAsMember=true\"]}]}<\/script>\n<!-- \/ Yoast SEO plugin. -->","yoast_head_json":{"title":"Youtube Ads : Racontez votre histoire en vid\u00e9o - MKKM","description":"Profitez de la force de la vid\u00e9o et faites vous remarquer sur la plus grande plateforme de vid\u00e9o en streaming du monde.","robots":{"index":"index","follow":"follow","max-snippet":"max-snippet:-1","max-image-preview":"max-image-preview:large","max-video-preview":"max-video-preview:-1"},"canonical":"https:\/\/mkkm.agency\/fr\/expertises__trashed\/youtube-ads\/","og_locale":"fr_FR","og_type":"article","og_title":"Youtube Ads : Racontez votre histoire en vid\u00e9o - MKKM","og_description":"Profitez de la force de la vid\u00e9o et faites vous remarquer sur la plus grande plateforme de vid\u00e9o en streaming du monde.","og_url":"https:\/\/mkkm.agency\/fr\/expertises__trashed\/youtube-ads\/","og_site_name":"MKKM Agency","article_publisher":"https:\/\/www.facebook.com\/mkkmsocialmediaexperts","article_modified_time":"2022-09-04T13:28:51+00:00","twitter_card":"summary_large_image","schema":{"@context":"https:\/\/schema.org","@graph":[{"@type":"WebPage","@id":"https:\/\/mkkm.agency\/fr\/expertises__trashed\/youtube-ads\/","url":"https:\/\/mkkm.agency\/fr\/expertises__trashed\/youtube-ads\/","name":"Youtube Ads : Racontez votre histoire en vid\u00e9o - MKKM","isPartOf":{"@id":"https:\/\/mkkm.agency\/fr\/#website"},"datePublished":"2022-08-22T15:36:03+00:00","dateModified":"2022-09-04T13:28:51+00:00","description":"Profitez de la force de la vid\u00e9o et faites vous remarquer sur la plus grande plateforme de vid\u00e9o en streaming du monde.","breadcrumb":{"@id":"https:\/\/mkkm.agency\/fr\/expertises__trashed\/youtube-ads\/#breadcrumb"},"inLanguage":"fr-FR","potentialAction":[{"@type":"ReadAction","target":["https:\/\/mkkm.agency\/fr\/expertises__trashed\/youtube-ads\/"]}]},{"@type":"BreadcrumbList","@id":"https:\/\/mkkm.agency\/fr\/expertises__trashed\/youtube-ads\/#breadcrumb","itemListElement":[{"@type":"ListItem","position":1,"name":"Accueil","item":"https:\/\/mkkm.agency\/fr\/"},{"@type":"ListItem","position":2,"name":"Youtube Ads"}]},{"@type":"WebSite","@id":"https:\/\/mkkm.agency\/fr\/#website","url":"https:\/\/mkkm.agency\/fr\/","name":"MKKM Agency","description":"Mkkm","publisher":{"@id":"https:\/\/mkkm.agency\/fr\/#organization"},"potentialAction":[{"@type":"SearchAction","target":{"@type":"EntryPoint","urlTemplate":"https:\/\/mkkm.agency\/fr\/?s={search_term_string}"},"query-input":"required name=search_term_string"}],"inLanguage":"fr-FR"},{"@type":"Organization","@id":"https:\/\/mkkm.agency\/fr\/#organization","name":"MKKM Agency","url":"https:\/\/mkkm.agency\/fr\/","logo":{"@type":"ImageObject","inLanguage":"fr-FR","@id":"https:\/\/mkkm.agency\/fr\/#\/schema\/logo\/image\/","url":"https:\/\/mkkm.agency\/wp-content\/uploads\/2022\/09\/logo2018.png","contentUrl":"https:\/\/mkkm.agency\/wp-content\/uploads\/2022\/09\/logo2018.png","width":2000,"height":2000,"caption":"MKKM Agency"},"image":{"@id":"https:\/\/mkkm.agency\/fr\/#\/schema\/logo\/image\/"},"sameAs":["https:\/\/www.facebook.com\/mkkmsocialmediaexperts","https:\/\/www.instagram.com\/mkkmsocialmediaexperts\/","https:\/\/www.linkedin.com\/company\/kommunity-management\/?viewAsMember=true"]}]}},"_links":{"self":[{"href":"https:\/\/mkkm.agency\/fr\/wp-json\/wp\/v2\/pages\/366","targetHints":{"allow":["GET"]}}],"collection":[{"href":"https:\/\/mkkm.agency\/fr\/wp-json\/wp\/v2\/pages"}],"about":[{"href":"https:\/\/mkkm.agency\/fr\/wp-json\/wp\/v2\/types\/page"}],"author":[{"embeddable":true,"href":"https:\/\/mkkm.agency\/fr\/wp-json\/wp\/v2\/users\/1"}],"replies":[{"embeddable":true,"href":"https:\/\/mkkm.agency\/fr\/wp-json\/wp\/v2\/comments?post=366"}],"version-history":[{"count":3,"href":"https:\/\/mkkm.agency\/fr\/wp-json\/wp\/v2\/pages\/366\/revisions"}],"predecessor-version":[{"id":2312,"href":"https:\/\/mkkm.agency\/fr\/wp-json\/wp\/v2\/pages\/366\/revisions\/2312"}],"wp:attachment":[{"href":"https:\/\/mkkm.agency\/fr\/wp-json\/wp\/v2\/media?parent=366"}],"curies":[{"name":"wp","href":"https:\/\/api.w.org\/{rel}","templated":true}]}}